{"id":3505,"date":"2024-06-28T03:11:11","date_gmt":"2024-06-28T01:11:11","guid":{"rendered":"https:\/\/mirtatoledoarte.com\/?page_id=3505"},"modified":"2024-07-18T16:52:43","modified_gmt":"2024-07-18T14:52:43","slug":"press-books","status":"publish","type":"page","link":"https:\/\/mirtatoledoarte.com\/es\/press-books\/","title":{"rendered":"Book Articles"},"content":{"rendered":"<h1 class=\"wp-block-heading about-tt\" style=\"margin-top:48px\">Comunicados de prensa y noticias<\/h1>\n\n\n\n<p>A lo largo de los a\u00f1os, Mirta Toledo ha sido una artista reconocida a nivel mundial por diferentes medios de comunicaci\u00f3n debido a su trabajo art\u00edstico centrado en la celebraci\u00f3n de la cultural, religiosa, sexual y de la diversidad \u00e9tnica de la Raza Humana.<\/p>\n\n\n\n<div class=\"wp-block-buttons is-content-justification-center is-layout-flex wp-container-core-buttons-is-layout-1 wp-block-buttons-is-layout-flex\" style=\"margin-top:var(--wp--preset--spacing--70);margin-bottom:24px\">\n<div class=\"wp-block-button has-custom-width wp-block-button__width-25 btn-active\"><a class=\"wp-block-button__link has-ast-global-color-0-color has-text-color has-background has-link-color wp-element-button\" href=\"https:\/\/mirtatoledoarte.com\/es\/press-newspeppers\/\" style=\"border-radius:100px;background-color:#717c8940;padding-top:12px;padding-bottom:12px\">Newspapers<\/a><\/div>\n\n\n\n<div class=\"wp-block-button has-custom-width wp-block-button__width-25 btn-active\"><a class=\"wp-block-button__link has-ast-global-color-0-color has-text-color has-background has-link-color wp-element-button\" href=\"https:\/\/mirtatoledoarte.com\/es\/press-magazines\/\" style=\"border-radius:100px;background-color:#717c8940;padding-top:12px;padding-bottom:12px\">Revistas<\/a><\/div>\n\n\n\n<div class=\"wp-block-button has-custom-width wp-block-button__width-25\"><a class=\"wp-block-button__link has-ast-global-color-5-color has-ast-global-color-0-background-color has-text-color has-background has-link-color wp-element-button\" href=\"https:\/\/mirtatoledoarte.com\/es\/press-books\/\" style=\"border-radius:100px;padding-top:12px;padding-right:0;padding-bottom:12px;padding-left:0\">Libros<\/a><\/div>\n\n\n\n<div class=\"wp-block-button has-custom-width wp-block-button__width-25 btn-active\"><a class=\"wp-block-button__link has-ast-global-color-0-color has-text-color has-background has-link-color wp-element-button\" href=\"https:\/\/mirtatoledoarte.com\/es\/press-videos\/\" style=\"border-radius:100px;background-color:#717c8940;padding-top:12px;padding-bottom:12px\">Videos<\/a><\/div>\n\n\n\n<div class=\"wp-block-button has-custom-width wp-block-button__width-25 btn-active\"><a class=\"wp-block-button__link has-ast-global-color-0-color has-text-color has-background has-link-color wp-element-button\" href=\"https:\/\/mirtatoledoarte.com\/es\/press-articles\/\" style=\"border-radius:100px;background-color:#717c8940;padding-top:12px;padding-bottom:12px\">Art\u00edculos Acad\u00e9micos<\/a><\/div>\n<\/div>\n\n\n\n<div class=\"wp-block-columns books is-layout-flex wp-container-core-columns-is-layout-1 wp-block-columns-is-layout-flex\" style=\"border-radius:6px;margin-top:0;margin-bottom:24px;padding-top:0;padding-right:0;padding-bottom:0;padding-left:0\">\n<a href=\"https:\/\/mirtatoledoarte.com\/wp-content\/uploads\/2024\/06\/16-Masters-of-Today-Mirta-Toledo-por-Veronica-Castillo-Perez-Petru-A-Russu-London.pdf\" target=\"_blank\" rel=\"noopener\">\n<div class=\"wp-block-column has-white-background-color has-background is-layout-flow wp-block-column-is-layout-flow\" style=\"padding-top:24px;padding-right:24px;padding-bottom:24px;padding-left:24px\">\n\n<figure class=\"wp-block-image size-full has-custom-border\"><img loading=\"lazy\" decoding=\"async\" width=\"352\" height=\"221\" src=\"https:\/\/mirtatoledoarte.com\/wp-content\/uploads\/2024\/06\/16-Masters-of-Today.jpg\" alt=\"\" class=\"wp-image-3366\" style=\"border-radius:8px\" srcset=\"https:\/\/mirtatoledoarte.com\/wp-content\/uploads\/2024\/06\/16-Masters-of-Today.jpg 352w, https:\/\/mirtatoledoarte.com\/wp-content\/uploads\/2024\/06\/16-Masters-of-Today-300x188.jpg 300w\" sizes=\"(max-width: 352px) 100vw, 352px\" \/><\/figure>\n\n\n<p class=\"volanta has-ast-global-color-7-color has-text-color has-link-color has-small-font-size wp-elements-954e18c9a31237af0de008440d6c3fc6\" style=\"margin-top:0;margin-bottom:0;padding-top:10px;padding-bottom:10px\">2008 \u2022 Petru A. Russu. Londres \u2022 Libros<\/p>\n\n\n<h3 class=\"wp-block-heading has-ast-global-color-2-color has-text-color has-link-color wp-elements-f627aa3277db89847fbfdc71889ef644\" style=\"margin-bottom:15px;font-size:24px\"><strong><strong><strong>Masters of Today- Contemporary Artists into the Twenty First Century<strong> &#8211; <\/strong>P\u00e1ginas # 188 &amp; 189<\/strong><\/strong><\/strong><\/h3>\n\n\n<p style=\"margin-bottom:15px;padding-top:0\">Ver\u00f3nica Castillo-P\u00e9rez explora la visi\u00f3n multicultural del arte de Toledo y encuentra una manera de aprender sobre el respeto por la diversidad y c\u00f3mo construir un futuro humanista.<\/p>\n\n\n<p class=\"has-ast-global-color-1-color has-text-color has-link-color wp-elements-cade86d2cc93178b9f285ad655c5975d\" style=\"margin-top:0;margin-bottom:0;padding-top:0;padding-bottom:0;font-size:18px;text-decoration:none\"><span><strong>Leer M\u00e1s<\/strong><\/span><\/p>\n\n<\/div><\/a>\n\n\n\n<a href=\"https:\/\/mirtatoledoarte.com\/wp-content\/uploads\/2024\/06\/15-TRENDS-136-Contemporary-Artists-Mirta-Toledo-Petru-A-Russu-London.pdf\" target=\"_blank\" rel=\"noopener\">\n<div class=\"wp-block-column is-vertically-aligned-top has-white-background-color has-background is-layout-flow wp-block-column-is-layout-flow\" style=\"padding-top:24px;padding-right:24px;padding-bottom:24px;padding-left:24px\">\n\n<figure class=\"wp-block-image size-full has-custom-border\"><img loading=\"lazy\" decoding=\"async\" width=\"352\" height=\"221\" src=\"https:\/\/mirtatoledoarte.com\/wp-content\/uploads\/2024\/06\/15-TRENDS-136Contemporary-Artists.jpg\" alt=\"\" class=\"wp-image-3365\" style=\"border-radius:8px\" srcset=\"https:\/\/mirtatoledoarte.com\/wp-content\/uploads\/2024\/06\/15-TRENDS-136Contemporary-Artists.jpg 352w, https:\/\/mirtatoledoarte.com\/wp-content\/uploads\/2024\/06\/15-TRENDS-136Contemporary-Artists-300x188.jpg 300w\" sizes=\"(max-width: 352px) 100vw, 352px\" \/><\/figure>\n\n\n<p class=\"has-ast-global-color-7-color has-text-color has-link-color has-small-font-size wp-elements-e80b6e63c2d23a9963c96b402748cc08\" style=\"margin-top:0px;margin-bottom:0px;padding-top:10px;padding-bottom:10px\">2008 \u2022 Petru A. Russu. Londres \u2022 Libros<\/p>\n\n\n<h3 class=\"wp-block-heading has-ast-global-color-2-color has-text-color has-link-color wp-elements-096b569741e3f82f194602bceb6d4a4c\" style=\"margin-bottom:15px;font-size:24px\"><strong><strong>TENDENCIAS-136 Artistas Contempor\u00e1neos. P\u00e1gina# 141<\/strong><\/strong><\/h3>\n\n\n<p style=\"margin-bottom:15px\">En su rese\u00f1a el Editor Russu afirma que el arte de Toledo es un testimonio de todas aquellas personas que viven fragmentadas entre dos culturas.<\/p>\n\n\n<p class=\"read-more has-ast-global-color-1-color has-text-color has-link-color wp-elements-b3ea85188f5c9cb8da3a16f76c656b99\" style=\"margin-top:0;margin-bottom:0;padding-top:0;padding-bottom:0;font-size:18px;text-decoration:none\"><span><strong>Leer M\u00e1s<\/strong><\/span><\/p>\n\n<\/div><\/a>\n\n\n\n<a href=\"https:\/\/mirtatoledoarte.com\/wp-content\/uploads\/2024\/06\/17-100-Grandes-Mujeres-Latinoamericanas-by-Lauren-Rea-Ehuen-Matarozzo.pdf\" target=\"_blank\" rel=\"noopener\">\n<div class=\"wp-block-column is-vertically-aligned-top has-white-background-color has-background is-layout-flow wp-block-column-is-layout-flow\" style=\"padding-top:24px;padding-right:24px;padding-bottom:24px;padding-left:24px\">\n\n<figure class=\"wp-block-image size-full has-custom-border\"><img loading=\"lazy\" decoding=\"async\" width=\"352\" height=\"221\" src=\"https:\/\/mirtatoledoarte.com\/wp-content\/uploads\/2024\/06\/100-Grandes-Mujeres-Latinoamericanas.jpg\" alt=\"\" class=\"wp-image-3367\" style=\"border-radius:8px\" srcset=\"https:\/\/mirtatoledoarte.com\/wp-content\/uploads\/2024\/06\/100-Grandes-Mujeres-Latinoamericanas.jpg 352w, https:\/\/mirtatoledoarte.com\/wp-content\/uploads\/2024\/06\/100-Grandes-Mujeres-Latinoamericanas-300x188.jpg 300w\" sizes=\"(max-width: 352px) 100vw, 352px\" \/><\/figure>\n\n\n<p class=\"has-ast-global-color-7-color has-text-color has-link-color has-small-font-size wp-elements-d2bcd6cc6aa2dd57321a67d5c3bcd712\" style=\"margin-top:0px;margin-bottom:0px;padding-top:10px;padding-bottom:10px\">2019 \u2022 Editorial Atl\u00e1ntida \u2022 Libros<\/p>\n\n\n<h3 class=\"wp-block-heading has-ast-global-color-2-color has-text-color has-link-color wp-elements-08251aa1c66b0cf68051b49035ec1c6f\" style=\"margin-bottom:15px;font-size:24px\"><strong>100 Grandes Mujeres Latinoamericanas por Lauren Rea &amp; Ehuen Matarozzo \u2013 P\u00e1gina # 126<\/strong><\/h3>\n\n\n<p style=\"margin-bottom:15px\">En su rese\u00f1a, Lauren Rea explora el mensaje en las diversas series de obras de trabajos de Toledo.<\/p>\n\n\n<p class=\"read-more has-ast-global-color-1-color has-text-color has-link-color wp-elements-b3ea85188f5c9cb8da3a16f76c656b99\" style=\"margin-top:0;margin-bottom:0;padding-top:0;padding-bottom:0;font-size:18px;text-decoration:none\"><span><strong>Leer M\u00e1s<\/strong><\/span><\/p>\n\n<\/div><\/a>\n<\/div>\n\n\n\n<div class=\"wp-block-columns is-layout-flex wp-container-core-columns-is-layout-2 wp-block-columns-is-layout-flex\" style=\"border-radius:6px;margin-top:0;margin-bottom:0;padding-top:0;padding-right:0;padding-bottom:0;padding-left:0\">\n<a href=\"https:\/\/mirtatoledoarte.com\/wp-content\/uploads\/2024\/06\/18-2021-Cultura-Arte-y-Sociedad-Argentina-y-Brasil-siglos-XX-y-XXI-Cap5-Editorial-de-la-Universidad-Nacional-de-La-Plata.pdf\" target=\"_blank\" rel=\"noopener\">\n<div class=\"wp-block-column has-white-background-color has-background is-layout-flow wp-block-column-is-layout-flow\" style=\"padding-top:24px;padding-right:24px;padding-bottom:24px;padding-left:24px\">\n\n<figure class=\"wp-block-image size-full has-custom-border\"><img loading=\"lazy\" decoding=\"async\" width=\"352\" height=\"221\" src=\"https:\/\/mirtatoledoarte.com\/wp-content\/uploads\/2024\/06\/18-2021-Cultura-Arte-y-Sociedad-Argentina-y-Brasil-siglos-XX-y-XXI.jpg\" alt=\"\" class=\"wp-image-3368\" style=\"border-radius:8px\" srcset=\"https:\/\/mirtatoledoarte.com\/wp-content\/uploads\/2024\/06\/18-2021-Cultura-Arte-y-Sociedad-Argentina-y-Brasil-siglos-XX-y-XXI.jpg 352w, https:\/\/mirtatoledoarte.com\/wp-content\/uploads\/2024\/06\/18-2021-Cultura-Arte-y-Sociedad-Argentina-y-Brasil-siglos-XX-y-XXI-300x188.jpg 300w\" sizes=\"(max-width: 352px) 100vw, 352px\" \/><\/figure>\n\n\n<p class=\"volanta has-ast-global-color-7-color has-text-color has-link-color has-small-font-size wp-elements-817945306d7b117d3939b61443d0923a\" style=\"margin-top:0;margin-bottom:0;padding-top:10px;padding-bottom:10px\">2021 \u2022 EDULP \u2022 Libros<\/p>\n\n\n<h3 class=\"wp-block-heading has-ast-global-color-2-color has-text-color has-link-color wp-elements-63594cf7decaaccb73c9eae0fdfd2ad1\" style=\"margin-bottom:15px;font-size:24px\"><strong>Cap\u00edtulo N\u00ba 5 &#034;Arte contra el Racismo: Mois\u00e9s Patricio y Mirta Toledo&#034; por Ana Bugnone \u2013 Cultura, Arte y Sociedad: Argentina y Brasil: siglos XX y XXI<\/strong><\/h3>\n\n\n<p style=\"margin-bottom:15px;padding-top:0\">Bugnone cuestiona las posibilidades del arte como herramienta antirracista explorando los trabajos del Brasile\u00f1o Patricio y la argentina Toledo.<\/p>\n\n\n<p class=\"has-ast-global-color-1-color has-text-color has-link-color wp-elements-cade86d2cc93178b9f285ad655c5975d\" style=\"margin-top:0;margin-bottom:0;padding-top:0;padding-bottom:0;font-size:18px;text-decoration:none\"><span><strong>Leer M\u00e1s<\/strong><\/span><\/p>\n\n<\/div><\/a>\n\n\n\n<div class=\"wp-block-column is-vertically-aligned-top espacio has-ast-global-color-4-background-color has-background is-layout-flow wp-block-column-is-layout-flow\" style=\"padding-top:24px;padding-right:24px;padding-bottom:24px;padding-left:24px\"><\/div>\n\n\n\n<div class=\"wp-block-column is-vertically-aligned-top espacio has-ast-global-color-4-background-color has-background is-layout-flow wp-block-column-is-layout-flow\" style=\"padding-top:24px;padding-right:24px;padding-bottom:24px;padding-left:24px\"><\/div>\n<\/div>","protected":false},"excerpt":{"rendered":"<p>Press releases and news Throughout the years, Mirta Toledo has been an artist recognized worldwide by different media due to [&hellip;]<\/p>","protected":false},"author":1,"featured_media":0,"parent":0,"menu_order":0,"comment_status":"closed","ping_status":"closed","template":"","meta":{"_acf_changed":false,"inline_featured_image":false,"site-sidebar-layout":"default","site-content-layout":"","ast-site-content-layout":"normal-width-container","site-content-style":"default","site-sidebar-style":"default","ast-global-header-display":"","ast-banner-title-visibility":"","ast-main-header-display":"","ast-hfb-above-header-display":"","ast-hfb-below-header-display":"","ast-hfb-mobile-header-display":"","site-post-title":"","ast-breadcrumbs-content":"","ast-featured-img":"","footer-sml-layout":"","theme-transparent-header-meta":"","adv-header-id-meta":"","stick-header-meta":"","header-above-stick-meta":"","header-main-stick-meta":"","header-below-stick-meta":"","astra-migrate-meta-layouts":"default","ast-page-background-enabled":"default","ast-page-background-meta":{"desktop":{"background-color":"var(--ast-global-color-4)","background-image":"","background-repeat":"repeat","background-position":"center center","background-size":"auto","background-attachment":"scroll","background-type":"","background-media":"","overlay-type":"","overlay-color":"","overlay-opacity":"","overlay-gradient":""},"tablet":{"background-color":"","background-image":"","background-repeat":"repeat","background-position":"center center","background-size":"auto","background-attachment":"scroll","background-type":"","background-media":"","overlay-type":"","overlay-color":"","overlay-opacity":"","overlay-gradient":""},"mobile":{"background-color":"","background-image":"","background-repeat":"repeat","background-position":"center center","background-size":"auto","background-attachment":"scroll","background-type":"","background-media":"","overlay-type":"","overlay-color":"","overlay-opacity":"","overlay-gradient":""}},"ast-content-background-meta":{"desktop":{"background-color":"var(--ast-global-color-5)","background-image":"","background-repeat":"repeat","background-position":"center center","background-size":"auto","background-attachment":"scroll","background-type":"","background-media":"","overlay-type":"","overlay-color":"","overlay-opacity":"","overlay-gradient":""},"tablet":{"background-color":"var(--ast-global-color-5)","background-image":"","background-repeat":"repeat","background-position":"center center","background-size":"auto","background-attachment":"scroll","background-type":"","background-media":"","overlay-type":"","overlay-color":"","overlay-opacity":"","overlay-gradient":""},"mobile":{"background-color":"var(--ast-global-color-5)","background-image":"","background-repeat":"repeat","background-position":"center center","background-size":"auto","background-attachment":"scroll","background-type":"","background-media":"","overlay-type":"","overlay-color":"","overlay-opacity":"","overlay-gradient":""}},"footnotes":""},"class_list":["post-3505","page","type-page","status-publish","hentry"],"acf":[],"aioseo_notices":[],"yoast_head":"<!-- This site is optimized with the Yoast SEO plugin v23.0 - https:\/\/yoast.com\/wordpress\/plugins\/seo\/ -->\n<title>Book Articles - Mirta Toledo<\/title>\n<meta name=\"robots\" content=\"index, follow, max-snippet:-1, max-image-preview:large, max-video-preview:-1\" \/>\n<link rel=\"canonical\" href=\"https:\/\/mirtatoledoarte.com\/es\/press-books\/\" \/>\n<meta property=\"og:locale\" content=\"es_ES\" \/>\n<meta property=\"og:type\" content=\"article\" \/>\n<meta property=\"og:title\" content=\"Book Articles - Mirta Toledo\" \/>\n<meta property=\"og:description\" content=\"Press releases and news Throughout the years, Mirta Toledo has been an artist recognized worldwide by different media due to [&hellip;]\" \/>\n<meta property=\"og:url\" content=\"https:\/\/mirtatoledoarte.com\/es\/press-books\/\" \/>\n<meta property=\"og:site_name\" content=\"Mirta Toledo\" \/>\n<meta property=\"article:modified_time\" content=\"2024-07-18T14:52:43+00:00\" \/>\n<meta property=\"og:image\" content=\"https:\/\/mirtatoledoarte.com\/wp-content\/uploads\/2024\/06\/16-Masters-of-Today.jpg\" \/>\n<meta name=\"twitter:card\" content=\"summary_large_image\" \/>\n<meta name=\"twitter:label1\" content=\"Est. reading time\" \/>\n\t<meta name=\"twitter:data1\" content=\"2 minutos\" \/>\n<script type=\"application\/ld+json\" class=\"yoast-schema-graph\">{\"@context\":\"https:\/\/schema.org\",\"@graph\":[{\"@type\":\"WebPage\",\"@id\":\"https:\/\/mirtatoledoarte.com\/press-books\/\",\"url\":\"https:\/\/mirtatoledoarte.com\/press-books\/\",\"name\":\"Book Articles - Mirta Toledo\",\"isPartOf\":{\"@id\":\"https:\/\/mirtatoledoarte.com\/#website\"},\"primaryImageOfPage\":{\"@id\":\"https:\/\/mirtatoledoarte.com\/press-books\/#primaryimage\"},\"image\":{\"@id\":\"https:\/\/mirtatoledoarte.com\/press-books\/#primaryimage\"},\"thumbnailUrl\":\"https:\/\/mirtatoledoarte.com\/wp-content\/uploads\/2024\/06\/16-Masters-of-Today.jpg\",\"datePublished\":\"2024-06-28T01:11:11+00:00\",\"dateModified\":\"2024-07-18T14:52:43+00:00\",\"breadcrumb\":{\"@id\":\"https:\/\/mirtatoledoarte.com\/press-books\/#breadcrumb\"},\"inLanguage\":\"es-AR\",\"potentialAction\":[{\"@type\":\"ReadAction\",\"target\":[\"https:\/\/mirtatoledoarte.com\/press-books\/\"]}]},{\"@type\":\"ImageObject\",\"inLanguage\":\"es-AR\",\"@id\":\"https:\/\/mirtatoledoarte.com\/press-books\/#primaryimage\",\"url\":\"https:\/\/mirtatoledoarte.com\/wp-content\/uploads\/2024\/06\/16-Masters-of-Today.jpg\",\"contentUrl\":\"https:\/\/mirtatoledoarte.com\/wp-content\/uploads\/2024\/06\/16-Masters-of-Today.jpg\"},{\"@type\":\"BreadcrumbList\",\"@id\":\"https:\/\/mirtatoledoarte.com\/press-books\/#breadcrumb\",\"itemListElement\":[{\"@type\":\"ListItem\",\"position\":1,\"name\":\"Home\",\"item\":\"https:\/\/mirtatoledoarte.com\/\"},{\"@type\":\"ListItem\",\"position\":2,\"name\":\"Book Articles\"}]},{\"@type\":\"WebSite\",\"@id\":\"https:\/\/mirtatoledoarte.com\/#website\",\"url\":\"https:\/\/mirtatoledoarte.com\/\",\"name\":\"Mirta Toledo - Gallery\",\"description\":\"\",\"publisher\":{\"@id\":\"https:\/\/mirtatoledoarte.com\/#organization\"},\"alternateName\":\"Mirta Toledo\",\"potentialAction\":[{\"@type\":\"SearchAction\",\"target\":{\"@type\":\"EntryPoint\",\"urlTemplate\":\"https:\/\/mirtatoledoarte.com\/?s={search_term_string}\"},\"query-input\":\"required name=search_term_string\"}],\"inLanguage\":\"es-AR\"},{\"@type\":\"Organization\",\"@id\":\"https:\/\/mirtatoledoarte.com\/#organization\",\"name\":\"Mirta Toledo - Gallery\",\"url\":\"https:\/\/mirtatoledoarte.com\/\",\"logo\":{\"@type\":\"ImageObject\",\"inLanguage\":\"es-AR\",\"@id\":\"https:\/\/mirtatoledoarte.com\/#\/schema\/logo\/image\/\",\"url\":\"https:\/\/mirtatoledoarte.com\/wp-content\/uploads\/2024\/03\/mirtatoledoarte.svg\",\"contentUrl\":\"https:\/\/mirtatoledoarte.com\/wp-content\/uploads\/2024\/03\/mirtatoledoarte.svg\",\"caption\":\"Mirta Toledo - Gallery\"},\"image\":{\"@id\":\"https:\/\/mirtatoledoarte.com\/#\/schema\/logo\/image\/\"}}]}<\/script>\n<!-- \/ Yoast SEO plugin. -->","yoast_head_json":{"title":"Book Articles - Mirta Toledo","robots":{"index":"index","follow":"follow","max-snippet":"max-snippet:-1","max-image-preview":"max-image-preview:large","max-video-preview":"max-video-preview:-1"},"canonical":"https:\/\/mirtatoledoarte.com\/es\/press-books\/","og_locale":"es_ES","og_type":"article","og_title":"Book Articles - Mirta Toledo","og_description":"Press releases and news Throughout the years, Mirta Toledo has been an artist recognized worldwide by different media due to [&hellip;]","og_url":"https:\/\/mirtatoledoarte.com\/es\/press-books\/","og_site_name":"Mirta Toledo","article_modified_time":"2024-07-18T14:52:43+00:00","og_image":[{"url":"https:\/\/mirtatoledoarte.com\/wp-content\/uploads\/2024\/06\/16-Masters-of-Today.jpg"}],"twitter_card":"summary_large_image","twitter_misc":{"Est. reading time":"2 minutos"},"schema":{"@context":"https:\/\/schema.org","@graph":[{"@type":"WebPage","@id":"https:\/\/mirtatoledoarte.com\/press-books\/","url":"https:\/\/mirtatoledoarte.com\/press-books\/","name":"Book Articles - Mirta Toledo","isPartOf":{"@id":"https:\/\/mirtatoledoarte.com\/#website"},"primaryImageOfPage":{"@id":"https:\/\/mirtatoledoarte.com\/press-books\/#primaryimage"},"image":{"@id":"https:\/\/mirtatoledoarte.com\/press-books\/#primaryimage"},"thumbnailUrl":"https:\/\/mirtatoledoarte.com\/wp-content\/uploads\/2024\/06\/16-Masters-of-Today.jpg","datePublished":"2024-06-28T01:11:11+00:00","dateModified":"2024-07-18T14:52:43+00:00","breadcrumb":{"@id":"https:\/\/mirtatoledoarte.com\/press-books\/#breadcrumb"},"inLanguage":"es-AR","potentialAction":[{"@type":"ReadAction","target":["https:\/\/mirtatoledoarte.com\/press-books\/"]}]},{"@type":"ImageObject","inLanguage":"es-AR","@id":"https:\/\/mirtatoledoarte.com\/press-books\/#primaryimage","url":"https:\/\/mirtatoledoarte.com\/wp-content\/uploads\/2024\/06\/16-Masters-of-Today.jpg","contentUrl":"https:\/\/mirtatoledoarte.com\/wp-content\/uploads\/2024\/06\/16-Masters-of-Today.jpg"},{"@type":"BreadcrumbList","@id":"https:\/\/mirtatoledoarte.com\/press-books\/#breadcrumb","itemListElement":[{"@type":"ListItem","position":1,"name":"Home","item":"https:\/\/mirtatoledoarte.com\/"},{"@type":"ListItem","position":2,"name":"Book Articles"}]},{"@type":"WebSite","@id":"https:\/\/mirtatoledoarte.com\/#website","url":"https:\/\/mirtatoledoarte.com\/","name":"Mirta Toledo - Gallery","description":"","publisher":{"@id":"https:\/\/mirtatoledoarte.com\/#organization"},"alternateName":"Mirta Toledo","potentialAction":[{"@type":"SearchAction","target":{"@type":"EntryPoint","urlTemplate":"https:\/\/mirtatoledoarte.com\/?s={search_term_string}"},"query-input":"required name=search_term_string"}],"inLanguage":"es-AR"},{"@type":"Organization","@id":"https:\/\/mirtatoledoarte.com\/#organization","name":"Mirta Toledo - Gallery","url":"https:\/\/mirtatoledoarte.com\/","logo":{"@type":"ImageObject","inLanguage":"es-AR","@id":"https:\/\/mirtatoledoarte.com\/#\/schema\/logo\/image\/","url":"https:\/\/mirtatoledoarte.com\/wp-content\/uploads\/2024\/03\/mirtatoledoarte.svg","contentUrl":"https:\/\/mirtatoledoarte.com\/wp-content\/uploads\/2024\/03\/mirtatoledoarte.svg","caption":"Mirta Toledo - Gallery"},"image":{"@id":"https:\/\/mirtatoledoarte.com\/#\/schema\/logo\/image\/"}}]}},"_links":{"self":[{"href":"https:\/\/mirtatoledoarte.com\/es\/wp-json\/wp\/v2\/pages\/3505"}],"collection":[{"href":"https:\/\/mirtatoledoarte.com\/es\/wp-json\/wp\/v2\/pages"}],"about":[{"href":"https:\/\/mirtatoledoarte.com\/es\/wp-json\/wp\/v2\/types\/page"}],"author":[{"embeddable":true,"href":"https:\/\/mirtatoledoarte.com\/es\/wp-json\/wp\/v2\/users\/1"}],"replies":[{"embeddable":true,"href":"https:\/\/mirtatoledoarte.com\/es\/wp-json\/wp\/v2\/comments?post=3505"}],"version-history":[{"count":5,"href":"https:\/\/mirtatoledoarte.com\/es\/wp-json\/wp\/v2\/pages\/3505\/revisions"}],"predecessor-version":[{"id":3547,"href":"https:\/\/mirtatoledoarte.com\/es\/wp-json\/wp\/v2\/pages\/3505\/revisions\/3547"}],"wp:attachment":[{"href":"https:\/\/mirtatoledoarte.com\/es\/wp-json\/wp\/v2\/media?parent=3505"}],"curies":[{"name":"wp","href":"https:\/\/api.w.org\/{rel}","templated":true}]}}